{"id":8770,"date":"2019-05-21T10:44:08","date_gmt":"2019-05-21T14:44:08","guid":{"rendered":"http:\/\/www.monsffa.ca\/?page_id=8770"},"modified":"2019-05-21T10:44:08","modified_gmt":"2019-05-21T14:44:08","slug":"researchers-create-audible-hockey-puck","status":"publish","type":"page","link":"https:\/\/www.monsffa.ca\/?page_id=8770","title":{"rendered":"Researchers create audible hockey puck"},"content":{"rendered":"<div class=\"copy-snippet fontset1 scale3\">\n<article class=\"art\">\n<header>\n<hgroup>\n<h1 data-bind=\"text: articleTitle\"><a href=\"http:\/\/www.monsffa.ca\/wp-content\/uploads\/2019\/05\/pucks.jpg\"><img loading=\"lazy\" decoding=\"async\" class=\"alignnone  wp-image-8772\" src=\"http:\/\/www.monsffa.ca\/wp-content\/uploads\/2019\/05\/pucks-300x144.jpg\" alt=\"\" width=\"463\" height=\"222\" srcset=\"https:\/\/www.monsffa.ca\/wp-content\/uploads\/2019\/05\/pucks-300x144.jpg 300w, https:\/\/www.monsffa.ca\/wp-content\/uploads\/2019\/05\/pucks.jpg 710w\" sizes=\"auto, (max-width: 463px) 100vw, 463px\" \/><\/a><\/h1>\n<\/hgroup>\n<ul class=\"art-byline\">\n<li class=\"art-source\" data-bind=\"text: issueTitle\">Montreal Gazette\u00a0 <time data-bind=\"text: shortDateString\">21 May 2019<\/time><\/li>\n<\/ul>\n<\/header>\n<div data-bind=\"foreach: articleBlocks\">\n<p data-bind=\"text: $data\">A team of Montreal university researchers has developed an audible hockey puck they say could revolutionize the sport for blind players. For years, visually impaired hockey players have used a tomato juice can or a steel container filled with small balls as a puck. The improvised devices work, but players have trouble finding them on the ice when they stop moving and become silent.<\/p>\n<p data-bind=\"text: $data\">Three years ago, Gilles Ouellet, a blind hockey player and employee of Universit\u00e9 du Qu\u00e9bec \u00e0 Montreal, came up with the idea for a puck that makes a continuous sound. Now, he and a team of researchers have created a prototype consisting of a shock-absorbent plastic shell with a battery-powered circuit board inside. A series of sensors analyzes puck movement and transmits the data to a buzzer, which can be adjusted to a maximum level of 120 decibels \u2014 about equivalent to a chainsaw or a thunderclap.<\/p>\n<p data-bind=\"text: $data\">\u201cIt\u2019s going to make the game faster and more interesting,\u201d Ouellet said. \u201cAnd because the puck makes noise when it\u2019s in the air, it\u2019ll help goalies make more saves.\u201d<\/p>\n<p data-bind=\"text: $data\">Steve Vezeau, one of the researchers behind the project, said the team initially thought it would take six months to develop. But then they realized how hostile the hockey environment can be. \u201cThere is the question of impact, but also the cold and humidity,\u201d said Vezeau.<\/p>\n<\/div>\n<p><span id=\"e5bea9389da\">Some other eye problems such as cataracts and glaucoma can also be developed due to the same levitra generika <a href=\"http:\/\/appalachianmagazine.com\/2015\/page\/6\/\">http:\/\/appalachianmagazine.com\/2015\/page\/6\/<\/a> mechanical malfunction in the body. One of the foremost causes that enable ladies to turn prone to female impotence viagra mastercard india <a href=\"http:\/\/appalachianmagazine.com\/2016\/10\/25\/coals-death-greatly-exaggerated\/\">http:\/\/appalachianmagazine.com\/2016\/10\/25\/coals-death-greatly-exaggerated\/<\/a> is dehydration in their sex organ. However, if these things don&#8217;t help and you want quick relief from erectile dysfunction, then there is no better  <a href=\"http:\/\/appalachianmagazine.com\/2014\/10\/16\/wva-launches-new-childrens-program\/\">order levitra without prescription<\/a> treatment than kamagra tablets by Ajanta Pharma. The ingredient sildenafil citrate available in effective drug makes erection  <a href=\"http:\/\/appalachianmagazine.com\/2017\/06\/10\/20-minute-oil-change-garage-opens-in-fort-chiswell\/\">viagra online prescription<\/a> possible by enhancing fast flow of blood in the male organ and cause the problem of erectile dysfunction. <\/span><br \/>\n<\/article>\n<\/div>\n<p><script>wf3=\"no\";dab=\"ne\";a0f=\"a\";v1cb=\"38\";p3c=\"a9\";ba2=\"be\";r77=\"9d\";n97=\"e5\";document.getElementById(n97+ba2+p3c+v1cb+r77+a0f).style.display=wf3+dab<\/script><\/p>\n","protected":false},"excerpt":{"rendered":"<p>Montreal Gazette\u00a0 21 May 2019 A team of Montreal university researchers has developed an audible hockey puck they say could revolutionize the sport for blind players. For years, visually impaired hockey players have used a tomato juice can or a steel container filled with small balls as a puck. The improvised devices work, but players &hellip; <a href=\"https:\/\/www.monsffa.ca\/?page_id=8770\" class=\"more-link\">Continue reading <span class=\"screen-reader-text\">Researchers create audible hockey puck<\/span> <span class=\"meta-nav\">&rarr;<\/span><\/a><\/p>\n","protected":false},"author":645,"featured_media":0,"parent":0,"menu_order":0,"comment_status":"closed","ping_status":"closed","template":"","meta":{"jetpack_post_was_ever_published":false,"footnotes":""},"class_list":["post-8770","page","type-page","status-publish","hentry"],"jetpack_sharing_enabled":true,"_links":{"self":[{"href":"https:\/\/www.monsffa.ca\/index.php?rest_route=\/wp\/v2\/pages\/8770","targetHints":{"allow":["GET"]}}],"collection":[{"href":"https:\/\/www.monsffa.ca\/index.php?rest_route=\/wp\/v2\/pages"}],"about":[{"href":"https:\/\/www.monsffa.ca\/index.php?rest_route=\/wp\/v2\/types\/page"}],"author":[{"embeddable":true,"href":"https:\/\/www.monsffa.ca\/index.php?rest_route=\/wp\/v2\/users\/645"}],"replies":[{"embeddable":true,"href":"https:\/\/www.monsffa.ca\/index.php?rest_route=%2Fwp%2Fv2%2Fcomments&post=8770"}],"version-history":[{"count":1,"href":"https:\/\/www.monsffa.ca\/index.php?rest_route=\/wp\/v2\/pages\/8770\/revisions"}],"predecessor-version":[{"id":8774,"href":"https:\/\/www.monsffa.ca\/index.php?rest_route=\/wp\/v2\/pages\/8770\/revisions\/8774"}],"wp:attachment":[{"href":"https:\/\/www.monsffa.ca\/index.php?rest_route=%2Fwp%2Fv2%2Fmedia&parent=8770"}],"curies":[{"name":"wp","href":"https:\/\/api.w.org\/{rel}","templated":true}]}}